{"id":34,"date":"2023-07-19T17:57:05","date_gmt":"2023-07-19T15:57:05","guid":{"rendered":"https:\/\/szatmaribaptista.ro\/pdf\/?page_id=34"},"modified":"2023-07-19T18:01:37","modified_gmt":"2023-07-19T16:01:37","slug":"tortenelem_","status":"publish","type":"page","link":"https:\/\/szatmaribaptista.ro\/pdf\/tortenelem_\/","title":{"rendered":"A Szatm\u00e1rn\u00e9meti Magyar Baptista Gy\u00fclekezet 100 \u00e9ves t\u00f6rt\u00e9nete"},"content":{"rendered":"<div class=\"_df_thumb \" id=\"df_10\"  data-title=\"a-szatmarnemeti-magyar-baptista-gyulekezet-100-eves-tortenete\" _slug=\"a-szatmarnemeti-magyar-baptista-gyulekezet-100-eves-tortenete\" wpoptions=\"true\" thumbtype=\"bg\" >A Szatm\u00e1rn\u00e9meti Magyar Baptista Gy\u00fclekezet 100 \u00e9ves t\u00f6rt\u00e9nete<\/div><script class=\"df-shortcode-script\" type=\"application\/javascript\">window.option_df_10 = {\"outline\":[],\"hard\":\"none\",\"forceFit\":\"false\",\"autoEnableOutline\":\"false\",\"autoEnableThumbnail\":\"false\",\"overwritePDFOutline\":\"false\",\"enableDownload\":\"true\",\"direction\":\"1\",\"pageSize\":\"1\",\"pageMode\":\"0\",\"singlePageMode\":\"0\",\"controlsPosition\":\"top\",\"soundEnable\":\"false\",\"maxTextureSize\":\"1024\",\"source\":\"https:\\\/\\\/szatmaribaptista.ro\\\/pdf\\\/wp-content\\\/uploads\\\/2023\\\/07\\\/A_Szatmarnemeti_Magyar_Baptista_Gyulekezet_100_eves_tortenete.pdf\",\"wpOptions\":\"true\"}; if(window.DFLIP && window.DFLIP.parseBooks){window.DFLIP.parseBooks();}<\/script>\n","protected":false},"excerpt":{"rendered":"","protected":false},"author":2,"featured_media":0,"parent":0,"menu_order":0,"comment_status":"closed","ping_status":"closed","template":"blank","meta":{"footnotes":""},"class_list":["post-34","page","type-page","status-publish","hentry"],"_links":{"self":[{"href":"https:\/\/szatmaribaptista.ro\/pdf\/wp-json\/wp\/v2\/pages\/34","targetHints":{"allow":["GET"]}}],"collection":[{"href":"https:\/\/szatmaribaptista.ro\/pdf\/wp-json\/wp\/v2\/pages"}],"about":[{"href":"https:\/\/szatmaribaptista.ro\/pdf\/wp-json\/wp\/v2\/types\/page"}],"author":[{"embeddable":true,"href":"https:\/\/szatmaribaptista.ro\/pdf\/wp-json\/wp\/v2\/users\/2"}],"replies":[{"embeddable":true,"href":"https:\/\/szatmaribaptista.ro\/pdf\/wp-json\/wp\/v2\/comments?post=34"}],"version-history":[{"count":1,"href":"https:\/\/szatmaribaptista.ro\/pdf\/wp-json\/wp\/v2\/pages\/34\/revisions"}],"predecessor-version":[{"id":35,"href":"https:\/\/szatmaribaptista.ro\/pdf\/wp-json\/wp\/v2\/pages\/34\/revisions\/35"}],"wp:attachment":[{"href":"https:\/\/szatmaribaptista.ro\/pdf\/wp-json\/wp\/v2\/media?parent=34"}],"curies":[{"name":"wp","href":"https:\/\/api.w.org\/{rel}","templated":true}]}}